{"id":511,"date":"2022-08-03T10:15:57","date_gmt":"2022-08-03T10:15:57","guid":{"rendered":"https:\/\/www.appartamenticristina.it\/richiesta-disponibilita\/"},"modified":"2022-08-29T15:08:22","modified_gmt":"2022-08-29T15:08:22","slug":"richiesta-disponibilita","status":"publish","type":"page","link":"https:\/\/www.appartamenticristina.it\/de\/richiesta-disponibilita\/","title":{"rendered":"Anfrage"},"content":{"rendered":"<div class=\"wp-bootstrap-blocks-container container mb-2\">\n\t\n\n<h2>Allgemeine Bedingungen<\/h2>\n\n\n\n<p class=\"has-text-align-center\"><strong>Uhrzeit von An- und Abreise<\/strong><br>Check-in: Die Appartements stehen am Tag der Anreise ab 14:00 zur Verf\u00fcgung<br>Check-out: Die Appartements m\u00fcssen bis sp\u00e4testens 10:00 ger\u00e4umt werden.<\/p>\n\n\n\n<p class=\"has-text-align-center\"><strong>Buchungs- und Stornobedingungen<\/strong><br>Als Best\u00e4tigung der Buchung wird eine Anzahlung in H\u00f6he von 30% des Gesamtpreises angefordert, die nur zur\u00fcckerstattet werden kann, wenn die Buchung sp\u00e4testens 30 Tage vor dem vorgesehenen Anreisetag storniert wird.<br>Im Falle einer Buchung innerhalb von 30 Tagen vor dem Anreisedatum wird die geleistete Anzahlung einbehalten.<\/p>\n\n\n\n<p class=\"has-text-align-center\"><strong>Kurtaxe<\/strong><br>Kurtaxe (\u20ac) 1,00 pro Person und Nacht (Kinder ausgenommen).<\/p>\n\n\n\n<p class=\"has-text-align-center\"><strong>Haustiere<\/strong><br>Haustiere sind in den Appartements nicht erlaubt.<\/p>\n\n<\/div>\n","protected":false},"excerpt":{"rendered":"","protected":false},"author":1,"featured_media":0,"parent":0,"menu_order":0,"comment_status":"closed","ping_status":"closed","template":"page-richiesta.php","meta":{"inline_featured_image":false,"_glsr_average":0,"_glsr_ranking":0,"_glsr_reviews":0},"acf":[],"yoast_head":"<!-- This site is optimized with the Yoast SEO plugin v21.1 - https:\/\/yoast.com\/wordpress\/plugins\/seo\/ -->\n<title>Anfrage - Appartamenti Cristina<\/title>\n<meta name=\"description\" content=\"Fragen Sie die Verf\u00fcgbarkeit f\u00fcr die Apartments der Appartamenti Cristina in Riva del Garda und in den Brenta-Dolomiten an.\" \/>\n<meta name=\"robots\" content=\"index, follow, max-snippet:-1, max-image-preview:large, max-video-preview:-1\" \/>\n<link rel=\"canonical\" href=\"https:\/\/www.appartamenticristina.it\/de\/richiesta-disponibilita\/\" \/>\n<meta property=\"og:locale\" content=\"de_DE\" \/>\n<meta property=\"og:type\" content=\"article\" \/>\n<meta property=\"og:title\" content=\"Anfrage - Appartamenti Cristina\" \/>\n<meta property=\"og:description\" content=\"Fragen Sie die Verf\u00fcgbarkeit f\u00fcr die Apartments der Appartamenti Cristina in Riva del Garda und in den Brenta-Dolomiten an.\" \/>\n<meta property=\"og:url\" content=\"https:\/\/www.appartamenticristina.it\/de\/richiesta-disponibilita\/\" \/>\n<meta property=\"og:site_name\" content=\"Appartamenti Cristina\" \/>\n<meta property=\"article:modified_time\" content=\"2022-08-29T15:08:22+00:00\" \/>\n<meta name=\"twitter:card\" content=\"summary_large_image\" \/>\n<meta name=\"twitter:label1\" content=\"Gesch\u00e4tzte Lesezeit\" \/>\n\t<meta name=\"twitter:data1\" content=\"1\u00a0Minute\" \/>\n<script type=\"application\/ld+json\" class=\"yoast-schema-graph\">{\"@context\":\"https:\/\/schema.org\",\"@graph\":[{\"@type\":\"WebPage\",\"@id\":\"https:\/\/www.appartamenticristina.it\/de\/richiesta-disponibilita\/\",\"url\":\"https:\/\/www.appartamenticristina.it\/de\/richiesta-disponibilita\/\",\"name\":\"Anfrage - Appartamenti Cristina\",\"isPartOf\":{\"@id\":\"https:\/\/www.appartamenticristina.it\/de\/#website\"},\"datePublished\":\"2022-08-03T10:15:57+00:00\",\"dateModified\":\"2022-08-29T15:08:22+00:00\",\"description\":\"Fragen Sie die Verf\u00fcgbarkeit f\u00fcr die Apartments der Appartamenti Cristina in Riva del Garda und in den Brenta-Dolomiten an.\",\"breadcrumb\":{\"@id\":\"https:\/\/www.appartamenticristina.it\/de\/richiesta-disponibilita\/#breadcrumb\"},\"inLanguage\":\"de\",\"potentialAction\":[{\"@type\":\"ReadAction\",\"target\":[\"https:\/\/www.appartamenticristina.it\/de\/richiesta-disponibilita\/\"]}]},{\"@type\":\"BreadcrumbList\",\"@id\":\"https:\/\/www.appartamenticristina.it\/de\/richiesta-disponibilita\/#breadcrumb\",\"itemListElement\":[{\"@type\":\"ListItem\",\"position\":1,\"name\":\"Home\",\"item\":\"https:\/\/www.appartamenticristina.it\/de\/\"},{\"@type\":\"ListItem\",\"position\":2,\"name\":\"Anfrage\"}]},{\"@type\":\"WebSite\",\"@id\":\"https:\/\/www.appartamenticristina.it\/de\/#website\",\"url\":\"https:\/\/www.appartamenticristina.it\/de\/\",\"name\":\"Appartamenti Cristina\",\"description\":\"Riva del Garda e Pinzolo\",\"potentialAction\":[{\"@type\":\"SearchAction\",\"target\":{\"@type\":\"EntryPoint\",\"urlTemplate\":\"https:\/\/www.appartamenticristina.it\/de\/?s={search_term_string}\"},\"query-input\":\"required name=search_term_string\"}],\"inLanguage\":\"de\"}]}<\/script>\n<!-- \/ Yoast SEO plugin. -->","yoast_head_json":{"title":"Anfrage - Appartamenti Cristina","description":"Fragen Sie die Verf\u00fcgbarkeit f\u00fcr die Apartments der Appartamenti Cristina in Riva del Garda und in den Brenta-Dolomiten an.","robots":{"index":"index","follow":"follow","max-snippet":"max-snippet:-1","max-image-preview":"max-image-preview:large","max-video-preview":"max-video-preview:-1"},"canonical":"https:\/\/www.appartamenticristina.it\/de\/richiesta-disponibilita\/","og_locale":"de_DE","og_type":"article","og_title":"Anfrage - Appartamenti Cristina","og_description":"Fragen Sie die Verf\u00fcgbarkeit f\u00fcr die Apartments der Appartamenti Cristina in Riva del Garda und in den Brenta-Dolomiten an.","og_url":"https:\/\/www.appartamenticristina.it\/de\/richiesta-disponibilita\/","og_site_name":"Appartamenti Cristina","article_modified_time":"2022-08-29T15:08:22+00:00","twitter_card":"summary_large_image","twitter_misc":{"Gesch\u00e4tzte Lesezeit":"1\u00a0Minute"},"schema":{"@context":"https:\/\/schema.org","@graph":[{"@type":"WebPage","@id":"https:\/\/www.appartamenticristina.it\/de\/richiesta-disponibilita\/","url":"https:\/\/www.appartamenticristina.it\/de\/richiesta-disponibilita\/","name":"Anfrage - Appartamenti Cristina","isPartOf":{"@id":"https:\/\/www.appartamenticristina.it\/de\/#website"},"datePublished":"2022-08-03T10:15:57+00:00","dateModified":"2022-08-29T15:08:22+00:00","description":"Fragen Sie die Verf\u00fcgbarkeit f\u00fcr die Apartments der Appartamenti Cristina in Riva del Garda und in den Brenta-Dolomiten an.","breadcrumb":{"@id":"https:\/\/www.appartamenticristina.it\/de\/richiesta-disponibilita\/#breadcrumb"},"inLanguage":"de","potentialAction":[{"@type":"ReadAction","target":["https:\/\/www.appartamenticristina.it\/de\/richiesta-disponibilita\/"]}]},{"@type":"BreadcrumbList","@id":"https:\/\/www.appartamenticristina.it\/de\/richiesta-disponibilita\/#breadcrumb","itemListElement":[{"@type":"ListItem","position":1,"name":"Home","item":"https:\/\/www.appartamenticristina.it\/de\/"},{"@type":"ListItem","position":2,"name":"Anfrage"}]},{"@type":"WebSite","@id":"https:\/\/www.appartamenticristina.it\/de\/#website","url":"https:\/\/www.appartamenticristina.it\/de\/","name":"Appartamenti Cristina","description":"Riva del Garda e Pinzolo","potentialAction":[{"@type":"SearchAction","target":{"@type":"EntryPoint","urlTemplate":"https:\/\/www.appartamenticristina.it\/de\/?s={search_term_string}"},"query-input":"required name=search_term_string"}],"inLanguage":"de"}]}},"_links":{"self":[{"href":"https:\/\/www.appartamenticristina.it\/de\/wp-json\/wp\/v2\/pages\/511"}],"collection":[{"href":"https:\/\/www.appartamenticristina.it\/de\/wp-json\/wp\/v2\/pages"}],"about":[{"href":"https:\/\/www.appartamenticristina.it\/de\/wp-json\/wp\/v2\/types\/page"}],"author":[{"embeddable":true,"href":"https:\/\/www.appartamenticristina.it\/de\/wp-json\/wp\/v2\/users\/1"}],"replies":[{"embeddable":true,"href":"https:\/\/www.appartamenticristina.it\/de\/wp-json\/wp\/v2\/comments?post=511"}],"version-history":[{"count":5,"href":"https:\/\/www.appartamenticristina.it\/de\/wp-json\/wp\/v2\/pages\/511\/revisions"}],"predecessor-version":[{"id":1069,"href":"https:\/\/www.appartamenticristina.it\/de\/wp-json\/wp\/v2\/pages\/511\/revisions\/1069"}],"wp:attachment":[{"href":"https:\/\/www.appartamenticristina.it\/de\/wp-json\/wp\/v2\/media?parent=511"}],"curies":[{"name":"wp","href":"https:\/\/api.w.org\/{rel}","templated":true}]}}